{"id":85,"date":"2019-02-19T22:11:23","date_gmt":"2019-02-19T21:11:23","guid":{"rendered":"http:\/\/cecilediroma.com\/?page_id=85"},"modified":"2021-07-05T16:49:53","modified_gmt":"2021-07-05T14:49:53","slug":"presentation","status":"publish","type":"page","link":"https:\/\/cecilediroma.com\/index.php\/presentation\/","title":{"rendered":"Parcours"},"content":{"rendered":"<p style=\"text-align: left;\"><img loading=\"lazy\" class=\"size-medium wp-image-455 alignleft\" src=\"http:\/\/cecilediroma.com\/wp-content\/uploads\/2020\/02\/IMG_2406-e1580901730585-225x300.jpg\" alt=\"\" width=\"225\" height=\"300\" srcset=\"https:\/\/cecilediroma.com\/wp-content\/uploads\/2020\/02\/IMG_2406-e1580901730585-225x300.jpg 225w, https:\/\/cecilediroma.com\/wp-content\/uploads\/2020\/02\/IMG_2406-e1580901730585-768x1024.jpg 768w\" sizes=\"(max-width: 225px) 100vw, 225px\" \/>Au d\u00e9but du chemin&#8230; C\u00e9cile est dans le bain de la musique \u00e0 la cr\u00e8che et \u00e0 3 ans, elle chante \u00ab\u00a0juste\u00a0\u00bb.<br \/>\nPouss\u00e9e par ses parents m\u00e9lomanes, elle commence l&rsquo;apprentissage de la fl\u00fbte traversi\u00e8re \u00e0 6 ans \u00e0 l&rsquo;\u00e9cole de musique de Mont de Marsan.<\/p>\n<p style=\"text-align: left;\">Bien des ann\u00e9es plus tard, en Essonnes, c&rsquo;est la <strong>d\u00e9couverte du choro<\/strong> ( du Br\u00e9sil), avec Alejandro Hincapie, un coup de c\u0153ur.<u><\/u><\/p>\n<p style=\"text-align: left;\">Puis elle rentre en <strong>D.E.M. au Conservatoire d&rsquo;Evry (91) avec Gilles Burgos<\/strong> qui lui offre une v\u00e9ritable ouverture d&rsquo;esprit avec l&rsquo;apprentissage aussi bien des techniques de jeu contemporaines que du traverso baroque.<\/p>\n<p style=\"text-align: left;\">Elle commence aussi le violoncelle, son instrument de c\u0153ur,\u00a0 et d\u00e9veloppe le chant.<\/p>\n<p style=\"text-align: left;\">D\u00e9sireuse d&rsquo;allier la musique et le th\u00e9\u00e2tre qu&rsquo;elle pratique depuis ses 15 ans, elle cr\u00e9\u00e9e en 2006 La Compagnie de la Tresse, association qui r\u00e9unit com\u00e9diens et musiciens sur trois cr\u00e9ations pour le jeune public.<\/p>\n<p style=\"text-align: left;\">Deux ans plus tard, C\u00e9cile entre au C.F.M.I. (centre de formation des musiciens intervenants) d&rsquo;Orsay\u00a0 pour approfondir la musique dans le spectacle vivant et \u00e0 destination des plus jeunes.<\/p>\n<p style=\"text-align: left;\">C&rsquo;est l\u00e0 qu&rsquo;elle d\u00e9couvre les musiques \u00e0 danser et de tradition orale et qu&rsquo;elle en tombe amoureuse. C&rsquo;est le d\u00e9but des bals folk.<u><\/u><\/p>\n<p style=\"text-align: left;\">Elle travaillera ensuite huit ann\u00e9es comme intervenante dans les \u00e9coles \u00e9l\u00e9mentaires de Lieusaint (77) sur des projets vari\u00e9s: musique et danses traditionnelles, percussions corporelles, chant choral, batucada, musique r\u00e9cup&rsquo;.<\/p>\n<p style=\"text-align: left;\">Sur son chemin, il y a aussi la rencontre de personnes en situation de handicap qui l&rsquo;entra\u00eene dans une r\u00e9flexion sur ce que la musique en tant que vecteur de communication et d&rsquo;expression des \u00e9motions.<br \/>\nCes rencontres la poussent \u00e0 ouvrir un atelier en 2016 \u00e0 l&rsquo;ESAT d&rsquo;Evry o\u00f9 elle m\u00e8ne un travail de cr\u00e9ation musicale.<\/p>\n<p style=\"text-align: left;\">Les projets de sc\u00e8ne se succ\u00e8dent parall\u00e8lement \u00e0 son travail p\u00e9dagogique.<\/p>\n<p style=\"text-align: left;\">Aujourd&rsquo;hui, elle enseigne au conservatoire de Grigny (91), et d\u00e9veloppe les projets en lien avec la danse et le th\u00e9\u00e2tre qui lui tiennent le plus \u00e0 c\u0153ur.<\/p>\n\n\t\t<style type=\"text\/css\">\n\t\t\t#gallery-1 {\n\t\t\t\tmargin: auto;\n\t\t\t}\n\t\t\t#gallery-1 .gallery-item {\n\t\t\t\tfloat: left;\n\t\t\t\tmargin-top: 10px;\n\t\t\t\ttext-align: center;\n\t\t\t\twidth: 25%;\n\t\t\t}\n\t\t\t#gallery-1 img {\n\t\t\t\tborder: 2px solid #cfcfcf;\n\t\t\t}\n\t\t\t#gallery-1 .gallery-caption {\n\t\t\t\tmargin-left: 0;\n\t\t\t}\n\t\t\t\/* see gallery_shortcode() in wp-includes\/media.php *\/\n\t\t<\/style>\n\t\t<div id='gallery-1' class='gallery galleryid-85 gallery-columns-4 gallery-size-medium'><dl class='gallery-item'>\n\t\t\t<dt class='gallery-icon landscape'>\n\t\t\t\t<a href='https:\/\/cecilediroma.com\/img_1421\/'><img width=\"300\" height=\"200\" src=\"https:\/\/cecilediroma.com\/wp-content\/uploads\/2019\/02\/IMG_1421-300x200.jpg\" class=\"attachment-medium size-medium\" alt=\"\" loading=\"lazy\" aria-describedby=\"gallery-1-112\" srcset=\"https:\/\/cecilediroma.com\/wp-content\/uploads\/2019\/02\/IMG_1421-300x200.jpg 300w, https:\/\/cecilediroma.com\/wp-content\/uploads\/2019\/02\/IMG_1421-405x270.jpg 405w, https:\/\/cecilediroma.com\/wp-content\/uploads\/2019\/02\/IMG_1421.jpg 720w\" sizes=\"(max-width: 300px) 100vw, 300px\" \/><\/a>\n\t\t\t<\/dt>\n\t\t\t\t<dd class='wp-caption-text gallery-caption' id='gallery-1-112'>\n\t\t\t\tCompagnie de la Tresse\n\t\t\t\t<\/dd><\/dl><dl class='gallery-item'>\n\t\t\t<dt class='gallery-icon landscape'>\n\t\t\t\t<a href='https:\/\/cecilediroma.com\/index.php\/presentation\/flute-chapi\/#main'><img width=\"300\" height=\"200\" src=\"https:\/\/cecilediroma.com\/wp-content\/uploads\/2019\/02\/flute-chapi-300x200.jpg\" class=\"attachment-medium size-medium\" alt=\"\" loading=\"lazy\" aria-describedby=\"gallery-1-103\" srcset=\"https:\/\/cecilediroma.com\/wp-content\/uploads\/2019\/02\/flute-chapi-300x200.jpg 300w, https:\/\/cecilediroma.com\/wp-content\/uploads\/2019\/02\/flute-chapi-405x270.jpg 405w, https:\/\/cecilediroma.com\/wp-content\/uploads\/2019\/02\/flute-chapi.jpg 720w\" sizes=\"(max-width: 300px) 100vw, 300px\" \/><\/a>\n\t\t\t<\/dt>\n\t\t\t\t<dd class='wp-caption-text gallery-caption' id='gallery-1-103'>\n\t\t\t\tBuster Bazar \n\t\t\t\t<\/dd><\/dl><dl class='gallery-item'>\n\t\t\t<dt class='gallery-icon landscape'>\n\t\t\t\t<a href='https:\/\/cecilediroma.com\/index.php\/presentation\/img_1617\/#main'><img width=\"300\" height=\"225\" src=\"https:\/\/cecilediroma.com\/wp-content\/uploads\/2019\/02\/IMG_1617-300x225.jpg\" class=\"attachment-medium size-medium\" alt=\"\" loading=\"lazy\" aria-describedby=\"gallery-1-98\" srcset=\"https:\/\/cecilediroma.com\/wp-content\/uploads\/2019\/02\/IMG_1617-300x225.jpg 300w, https:\/\/cecilediroma.com\/wp-content\/uploads\/2019\/02\/IMG_1617-768x576.jpg 768w, https:\/\/cecilediroma.com\/wp-content\/uploads\/2019\/02\/IMG_1617-1024x768.jpg 1024w, https:\/\/cecilediroma.com\/wp-content\/uploads\/2019\/02\/IMG_1617-360x270.jpg 360w\" sizes=\"(max-width: 300px) 100vw, 300px\" \/><\/a>\n\t\t\t<\/dt>\n\t\t\t\t<dd class='wp-caption-text gallery-caption' id='gallery-1-98'>\n\t\t\t\tTrio La bougeotte\n\t\t\t\t<\/dd><\/dl><dl class='gallery-item'>\n\t\t\t<dt class='gallery-icon landscape'>\n\t\t\t\t<a href='https:\/\/cecilediroma.com\/index.php\/presentation\/dsc03126\/#main'><img width=\"300\" height=\"225\" src=\"https:\/\/cecilediroma.com\/wp-content\/uploads\/2019\/02\/DSC03126-300x225.jpg\" class=\"attachment-medium size-medium\" alt=\"\" loading=\"lazy\" aria-describedby=\"gallery-1-109\" srcset=\"https:\/\/cecilediroma.com\/wp-content\/uploads\/2019\/02\/DSC03126-300x225.jpg 300w, https:\/\/cecilediroma.com\/wp-content\/uploads\/2019\/02\/DSC03126-768x576.jpg 768w, https:\/\/cecilediroma.com\/wp-content\/uploads\/2019\/02\/DSC03126-1024x768.jpg 1024w, https:\/\/cecilediroma.com\/wp-content\/uploads\/2019\/02\/DSC03126-360x270.jpg 360w\" sizes=\"(max-width: 300px) 100vw, 300px\" \/><\/a>\n\t\t\t<\/dt>\n\t\t\t\t<dd class='wp-caption-text gallery-caption' id='gallery-1-109'>\n\t\t\t\tQuatuor volubile\n\t\t\t\t<\/dd><\/dl><br style=\"clear: both\" \/>\n\t\t<\/div>\n\n\n\t\t<style type=\"text\/css\">\n\t\t\t#gallery-2 {\n\t\t\t\tmargin: auto;\n\t\t\t}\n\t\t\t#gallery-2 .gallery-item {\n\t\t\t\tfloat: left;\n\t\t\t\tmargin-top: 10px;\n\t\t\t\ttext-align: center;\n\t\t\t\twidth: 25%;\n\t\t\t}\n\t\t\t#gallery-2 img {\n\t\t\t\tborder: 2px solid #cfcfcf;\n\t\t\t}\n\t\t\t#gallery-2 .gallery-caption {\n\t\t\t\tmargin-left: 0;\n\t\t\t}\n\t\t\t\/* see gallery_shortcode() in wp-includes\/media.php *\/\n\t\t<\/style>\n\t\t<div id='gallery-2' class='gallery galleryid-85 gallery-columns-4 gallery-size-medium'><dl class='gallery-item'>\n\t\t\t<dt class='gallery-icon landscape'>\n\t\t\t\t<a href='https:\/\/cecilediroma.com\/index.php\/presentation\/img_7630\/#main'><img width=\"300\" height=\"200\" src=\"https:\/\/cecilediroma.com\/wp-content\/uploads\/2019\/02\/IMG_7630-300x200.png\" class=\"attachment-medium size-medium\" alt=\"\" loading=\"lazy\" aria-describedby=\"gallery-2-97\" srcset=\"https:\/\/cecilediroma.com\/wp-content\/uploads\/2019\/02\/IMG_7630-300x200.png 300w, https:\/\/cecilediroma.com\/wp-content\/uploads\/2019\/02\/IMG_7630-768x512.png 768w, https:\/\/cecilediroma.com\/wp-content\/uploads\/2019\/02\/IMG_7630.png 1024w, https:\/\/cecilediroma.com\/wp-content\/uploads\/2019\/02\/IMG_7630-405x270.png 405w\" sizes=\"(max-width: 300px) 100vw, 300px\" \/><\/a>\n\t\t\t<\/dt>\n\t\t\t\t<dd class='wp-caption-text gallery-caption' id='gallery-2-97'>\n\t\t\t\tDream Factory\n\t\t\t\t<\/dd><\/dl><dl class='gallery-item'>\n\t\t\t<dt class='gallery-icon landscape'>\n\t\t\t\t<a href='https:\/\/cecilediroma.com\/index.php\/presentation\/image1\/#main'><img width=\"300\" height=\"225\" src=\"https:\/\/cecilediroma.com\/wp-content\/uploads\/2019\/02\/image1-300x225.jpg\" class=\"attachment-medium size-medium\" alt=\"\" loading=\"lazy\" aria-describedby=\"gallery-2-61\" srcset=\"https:\/\/cecilediroma.com\/wp-content\/uploads\/2019\/02\/image1-300x225.jpg 300w, https:\/\/cecilediroma.com\/wp-content\/uploads\/2019\/02\/image1-768x576.jpg 768w, https:\/\/cecilediroma.com\/wp-content\/uploads\/2019\/02\/image1-1024x768.jpg 1024w\" sizes=\"(max-width: 300px) 100vw, 300px\" \/><\/a>\n\t\t\t<\/dt>\n\t\t\t\t<dd class='wp-caption-text gallery-caption' id='gallery-2-61'>\n\t\t\t\tLeonor Bolactto trio\n\t\t\t\t<\/dd><\/dl><dl class='gallery-item'>\n\t\t\t<dt class='gallery-icon landscape'>\n\t\t\t\t<a href='https:\/\/cecilediroma.com\/11222896_10208303985504267_2936154365805767422_n\/'><img width=\"300\" height=\"200\" src=\"https:\/\/cecilediroma.com\/wp-content\/uploads\/2019\/02\/11222896_10208303985504267_2936154365805767422_n-300x200.jpg\" class=\"attachment-medium size-medium\" alt=\"\" loading=\"lazy\" aria-describedby=\"gallery-2-131\" srcset=\"https:\/\/cecilediroma.com\/wp-content\/uploads\/2019\/02\/11222896_10208303985504267_2936154365805767422_n-300x200.jpg 300w, https:\/\/cecilediroma.com\/wp-content\/uploads\/2019\/02\/11222896_10208303985504267_2936154365805767422_n-768x513.jpg 768w, https:\/\/cecilediroma.com\/wp-content\/uploads\/2019\/02\/11222896_10208303985504267_2936154365805767422_n.jpg 960w\" sizes=\"(max-width: 300px) 100vw, 300px\" \/><\/a>\n\t\t\t<\/dt>\n\t\t\t\t<dd class='wp-caption-text gallery-caption' id='gallery-2-131'>\n\t\t\t\tEthnofonik 2015\n\t\t\t\t<\/dd><\/dl><dl class='gallery-item'>\n\t\t\t<dt class='gallery-icon landscape'>\n\t\t\t\t<a href='https:\/\/cecilediroma.com\/img_4466\/'><img width=\"300\" height=\"200\" src=\"https:\/\/cecilediroma.com\/wp-content\/uploads\/2019\/02\/IMG_4466-300x200.jpg\" class=\"attachment-medium size-medium\" alt=\"\" loading=\"lazy\" aria-describedby=\"gallery-2-144\" srcset=\"https:\/\/cecilediroma.com\/wp-content\/uploads\/2019\/02\/IMG_4466-300x200.jpg 300w, https:\/\/cecilediroma.com\/wp-content\/uploads\/2019\/02\/IMG_4466-768x512.jpg 768w, https:\/\/cecilediroma.com\/wp-content\/uploads\/2019\/02\/IMG_4466-1024x683.jpg 1024w\" sizes=\"(max-width: 300px) 100vw, 300px\" \/><\/a>\n\t\t\t<\/dt>\n\t\t\t\t<dd class='wp-caption-text gallery-caption' id='gallery-2-144'>\n\t\t\t\tKh\u00e9pri de Sabrina Siboni &#8211; Hilal Dance\n\t\t\t\t<\/dd><\/dl><br style=\"clear: both\" \/>\n\t\t<\/div>\n\n","protected":false},"excerpt":{"rendered":"<p>Au d\u00e9but du chemin&#8230; C\u00e9cile est dans le bain de la musique \u00e0 la cr\u00e8che et \u00e0 3 ans, elle [&hellip;]<\/p>\n","protected":false},"author":1,"featured_media":0,"parent":0,"menu_order":0,"comment_status":"closed","ping_status":"closed","template":"","meta":[],"_links":{"self":[{"href":"https:\/\/cecilediroma.com\/index.php\/wp-json\/wp\/v2\/pages\/85"}],"collection":[{"href":"https:\/\/cecilediroma.com\/index.php\/wp-json\/wp\/v2\/pages"}],"about":[{"href":"https:\/\/cecilediroma.com\/index.php\/wp-json\/wp\/v2\/types\/page"}],"author":[{"embeddable":true,"href":"https:\/\/cecilediroma.com\/index.php\/wp-json\/wp\/v2\/users\/1"}],"replies":[{"embeddable":true,"href":"https:\/\/cecilediroma.com\/index.php\/wp-json\/wp\/v2\/comments?post=85"}],"version-history":[{"count":40,"href":"https:\/\/cecilediroma.com\/index.php\/wp-json\/wp\/v2\/pages\/85\/revisions"}],"predecessor-version":[{"id":699,"href":"https:\/\/cecilediroma.com\/index.php\/wp-json\/wp\/v2\/pages\/85\/revisions\/699"}],"wp:attachment":[{"href":"https:\/\/cecilediroma.com\/index.php\/wp-json\/wp\/v2\/media?parent=85"}],"curies":[{"name":"wp","href":"https:\/\/api.w.org\/{rel}","templated":true}]}}