{"id":71,"date":"2019-02-19T17:32:34","date_gmt":"2019-02-19T16:32:34","guid":{"rendered":"http:\/\/cecilediroma.com\/?page_id=71"},"modified":"2020-02-02T18:30:34","modified_gmt":"2020-02-02T17:30:34","slug":"francis-couturier","status":"publish","type":"page","link":"https:\/\/cecilediroma.com\/index.php\/chanson-francaise\/francis-couturier\/","title":{"rendered":"En duo avec Francis Couturier"},"content":{"rendered":"<p><iframe loading=\"lazy\" width=\"680\" height=\"383\" src=\"https:\/\/www.youtube.com\/embed\/mSkCtlwRvIc?feature=oembed\" frameborder=\"0\" allow=\"accelerometer; autoplay; encrypted-media; gyroscope; picture-in-picture\" allowfullscreen><\/iframe><\/p>\n<h1 style=\"text-align: left;\"><strong>\u00a0 \u00a0 \u00a0 \u00a0 \u00a0 \u00a0 \u00a0 \u00a0 \u00a0\u00a0 En duo avec: Francis Couturier<\/strong><\/h1>\n<h4><img loading=\"lazy\" class=\"wp-image-59 alignright\" src=\"http:\/\/cecilediroma.com\/wp-content\/uploads\/2019\/02\/Concert-chez-Adel-23-12-2017-30-sur-93.jpg\" alt=\"\" width=\"380\" height=\"570\" srcset=\"https:\/\/cecilediroma.com\/wp-content\/uploads\/2019\/02\/Concert-chez-Adel-23-12-2017-30-sur-93.jpg 2848w, https:\/\/cecilediroma.com\/wp-content\/uploads\/2019\/02\/Concert-chez-Adel-23-12-2017-30-sur-93-200x300.jpg 200w, https:\/\/cecilediroma.com\/wp-content\/uploads\/2019\/02\/Concert-chez-Adel-23-12-2017-30-sur-93-768x1152.jpg 768w, https:\/\/cecilediroma.com\/wp-content\/uploads\/2019\/02\/Concert-chez-Adel-23-12-2017-30-sur-93-683x1024.jpg 683w\" sizes=\"(max-width: 380px) 100vw, 380px\" \/><\/h4>\n<p>&nbsp;<\/p>\n<p style=\"text-align: center;\">Francis \u00e9crit et compose ses chansons.<\/p>\n<p style=\"text-align: center;\">Ses textes racontent la vie \u00e9trange des gens ordinaires.<\/p>\n<p style=\"text-align: center;\">Il chante, conte, slame des histoires fantaisistes, surr\u00e9alistes, engag\u00e9es, des<\/p>\n<p style=\"text-align: center;\">histoires d&rsquo;amour.<\/p>\n<p style=\"text-align: center;\">C\u00e9cile l&rsquo;accompagne \u00e0 la voix, \u00e0 la fl\u00fbte traversi\u00e8re et au violoncelle.<\/p>\n<p style=\"text-align: center;\">Parfois, elle chante ses propres chansons et Francis l&rsquo;accompagne.<\/p>\n<p style=\"text-align: center;\">Les r\u00f4les s&rsquo;\u00e9changent, deux univers se rencontrent.<\/p>\n<p style=\"text-align: center;\">Un programme de contes, slams et chansons d&rsquo;une heure quinze,<\/p>\n<p style=\"text-align: center;\">laissez vous embarquer !<\/p>\n<p>&nbsp;<\/p>\n<p><iframe loading=\"lazy\" width=\"680\" height=\"383\" src=\"https:\/\/www.youtube.com\/embed\/TUX9vQkzxEA?feature=oembed\" frameborder=\"0\" allow=\"accelerometer; autoplay; encrypted-media; gyroscope; picture-in-picture\" allowfullscreen><\/iframe><\/p>\n<p>&nbsp;<\/p>\n<p><iframe loading=\"lazy\" width=\"680\" height=\"383\" src=\"https:\/\/www.youtube.com\/embed\/GK5bnRB7g6M?feature=oembed\" frameborder=\"0\" allow=\"accelerometer; autoplay; encrypted-media; gyroscope; picture-in-picture\" allowfullscreen><\/iframe><\/p>\n<p><a style=\"background-attachment: scroll; background-clip: border-box; background-color: #bfe6ff; background-image: none; background-origin: padding-box; background-position-x: 0%; background-position-y: 0%; background-repeat: repeat; background-size: auto; border-bottom-left-radius: 2px; border-bottom-right-radius: 2px; border-top-left-radius: 2px; border-top-right-radius: 2px; box-shadow: 0px 0px 0px 1px #bfe6ff; color: #0066cc; font-family: Georgia,&amp;quot; times new roman&amp;quot;,&amp;quot;bitstream charter&amp;quot;,times,serif; font-size: 16px; font-style: normal; font-variant: normal; font-weight: 400; letter-spacing: normal; orphans: 2; text-align: center; text-decoration: underline; text-indent: 0px; text-transform: none; -webkit-text-stroke-width: 0px; white-space: normal; word-spacing: 0px; padding: 0px 2px 0px 2px; margin: 0px -2px 0px -2px;\" href=\"https:\/\/franciscouturier.fr\/\" target=\"_blank\" rel=\"noopener\">Site de Francis Couturier<\/a><\/p>\n","protected":false},"excerpt":{"rendered":"<p>\u00a0 \u00a0 \u00a0 \u00a0 \u00a0 \u00a0 \u00a0 \u00a0 \u00a0\u00a0 En duo avec: Francis Couturier &nbsp; Francis \u00e9crit et compose ses [&hellip;]<\/p>\n","protected":false},"author":1,"featured_media":0,"parent":465,"menu_order":2,"comment_status":"closed","ping_status":"closed","template":"template-full-width.php","meta":[],"_links":{"self":[{"href":"https:\/\/cecilediroma.com\/index.php\/wp-json\/wp\/v2\/pages\/71"}],"collection":[{"href":"https:\/\/cecilediroma.com\/index.php\/wp-json\/wp\/v2\/pages"}],"about":[{"href":"https:\/\/cecilediroma.com\/index.php\/wp-json\/wp\/v2\/types\/page"}],"author":[{"embeddable":true,"href":"https:\/\/cecilediroma.com\/index.php\/wp-json\/wp\/v2\/users\/1"}],"replies":[{"embeddable":true,"href":"https:\/\/cecilediroma.com\/index.php\/wp-json\/wp\/v2\/comments?post=71"}],"version-history":[{"count":32,"href":"https:\/\/cecilediroma.com\/index.php\/wp-json\/wp\/v2\/pages\/71\/revisions"}],"predecessor-version":[{"id":461,"href":"https:\/\/cecilediroma.com\/index.php\/wp-json\/wp\/v2\/pages\/71\/revisions\/461"}],"up":[{"embeddable":true,"href":"https:\/\/cecilediroma.com\/index.php\/wp-json\/wp\/v2\/pages\/465"}],"wp:attachment":[{"href":"https:\/\/cecilediroma.com\/index.php\/wp-json\/wp\/v2\/media?parent=71"}],"curies":[{"name":"wp","href":"https:\/\/api.w.org\/{rel}","templated":true}]}}