{"id":162,"date":"2019-03-01T21:04:42","date_gmt":"2019-03-01T20:04:42","guid":{"rendered":"http:\/\/cecilediroma.com\/?page_id=162"},"modified":"2020-04-29T16:23:18","modified_gmt":"2020-04-29T14:23:18","slug":"musique-recup","status":"publish","type":"page","link":"https:\/\/cecilediroma.com\/index.php\/ateliers\/musique-recup\/","title":{"rendered":"Musique r\u00e9cup&rsquo;"},"content":{"rendered":"\n\t\t<style type=\"text\/css\">\n\t\t\t#gallery-1 {\n\t\t\t\tmargin: auto;\n\t\t\t}\n\t\t\t#gallery-1 .gallery-item {\n\t\t\t\tfloat: left;\n\t\t\t\tmargin-top: 10px;\n\t\t\t\ttext-align: center;\n\t\t\t\twidth: 25%;\n\t\t\t}\n\t\t\t#gallery-1 img {\n\t\t\t\tborder: 2px solid #cfcfcf;\n\t\t\t}\n\t\t\t#gallery-1 .gallery-caption {\n\t\t\t\tmargin-left: 0;\n\t\t\t}\n\t\t\t\/* see gallery_shortcode() in wp-includes\/media.php *\/\n\t\t<\/style>\n\t\t<div id='gallery-1' class='gallery galleryid-162 gallery-columns-4 gallery-size-medium'><dl class='gallery-item'>\n\t\t\t<dt class='gallery-icon landscape'>\n\t\t\t\t<a href='https:\/\/cecilediroma.com\/wp-content\/uploads\/2020\/04\/IMG_0312.jpg'><img width=\"300\" height=\"225\" src=\"https:\/\/cecilediroma.com\/wp-content\/uploads\/2020\/04\/IMG_0312-300x225.jpg\" class=\"attachment-medium size-medium\" alt=\"\" loading=\"lazy\" srcset=\"https:\/\/cecilediroma.com\/wp-content\/uploads\/2020\/04\/IMG_0312-300x225.jpg 300w, https:\/\/cecilediroma.com\/wp-content\/uploads\/2020\/04\/IMG_0312-768x576.jpg 768w, https:\/\/cecilediroma.com\/wp-content\/uploads\/2020\/04\/IMG_0312-1024x768.jpg 1024w\" sizes=\"(max-width: 300px) 100vw, 300px\" \/><\/a>\n\t\t\t<\/dt><\/dl>\n\t\t\t<br style='clear: both' \/>\n\t\t<\/div>\n\n<h3><\/h3>\n<h3>Faire de la musique \u00e0 partir de mat\u00e9riaux r\u00e9cup\u00e9r\u00e9s, c&rsquo;est possible.<\/h3>\n<h3>Prenez une feuille de journal, une paire de cuill\u00e8res, des gobelets plastiques ou en verre, une casserole, des bouteilles plastique, un gros bidon, une poubelle et vous aurez d\u00e9j\u00e0 de quoi jouer des percussions.<\/h3>\n<h3>A l&rsquo;ESAT <em>La Nacelle<\/em> d&rsquo;Evry (91) en 2018, 2019 et 2020, avec les travailleurs en situation de handicap, nous avons explor\u00e9 les sons de ces objets en inventant, communiquant, improvisant.<\/h3>\n<h3>Puis nous avons fabriqu\u00e9 quelques instruments avec des mat\u00e9riaux r\u00e9cup\u00e9r\u00e9s sur place.<\/h3>\n<h3>Voici quelques exemples de ce qui peut \u00eatre fabriqu\u00e9.<\/h3>\n<h3><em>Ces ateliers peuvent \u00eatre propos\u00e9s \u00e0 partir de 6 ans (selon les instruments).<\/em><\/h3>\n<p>&nbsp;<\/p>\n<h3><span style=\"text-decoration: underline;\">En papier et carton :<\/span><\/h3>\n<h3><\/h3>\n\n\t\t<style type=\"text\/css\">\n\t\t\t#gallery-2 {\n\t\t\t\tmargin: auto;\n\t\t\t}\n\t\t\t#gallery-2 .gallery-item {\n\t\t\t\tfloat: left;\n\t\t\t\tmargin-top: 10px;\n\t\t\t\ttext-align: center;\n\t\t\t\twidth: 25%;\n\t\t\t}\n\t\t\t#gallery-2 img {\n\t\t\t\tborder: 2px solid #cfcfcf;\n\t\t\t}\n\t\t\t#gallery-2 .gallery-caption {\n\t\t\t\tmargin-left: 0;\n\t\t\t}\n\t\t\t\/* see gallery_shortcode() in wp-includes\/media.php *\/\n\t\t<\/style>\n\t\t<div id='gallery-2' class='gallery galleryid-162 gallery-columns-4 gallery-size-medium'><dl class='gallery-item'>\n\t\t\t<dt class='gallery-icon portrait'>\n\t\t\t\t<a href='https:\/\/cecilediroma.com\/wp-content\/uploads\/2019\/03\/20190222_155221-e1551618119274.jpg'><img width=\"169\" height=\"300\" src=\"https:\/\/cecilediroma.com\/wp-content\/uploads\/2019\/03\/20190222_155221-e1551618119274-169x300.jpg\" class=\"attachment-medium size-medium\" alt=\"\" loading=\"lazy\" aria-describedby=\"gallery-2-213\" srcset=\"https:\/\/cecilediroma.com\/wp-content\/uploads\/2019\/03\/20190222_155221-e1551618119274-169x300.jpg 169w, https:\/\/cecilediroma.com\/wp-content\/uploads\/2019\/03\/20190222_155221-e1551618119274-768x1365.jpg 768w, https:\/\/cecilediroma.com\/wp-content\/uploads\/2019\/03\/20190222_155221-e1551618119274-576x1024.jpg 576w, https:\/\/cecilediroma.com\/wp-content\/uploads\/2019\/03\/20190222_155221-e1551618119274.jpg 1836w\" sizes=\"(max-width: 169px) 100vw, 169px\" \/><\/a>\n\t\t\t<\/dt>\n\t\t\t\t<dd class='wp-caption-text gallery-caption' id='gallery-2-213'>\n\t\t\t\tmarimba carton\n\t\t\t\t<\/dd><\/dl><dl class='gallery-item'>\n\t\t\t<dt class='gallery-icon landscape'>\n\t\t\t\t<a href='https:\/\/cecilediroma.com\/wp-content\/uploads\/2020\/04\/20200421_160827.jpg'><img width=\"300\" height=\"169\" src=\"https:\/\/cecilediroma.com\/wp-content\/uploads\/2020\/04\/20200421_160827-300x169.jpg\" class=\"attachment-medium size-medium\" alt=\"\" loading=\"lazy\" aria-describedby=\"gallery-2-489\" srcset=\"https:\/\/cecilediroma.com\/wp-content\/uploads\/2020\/04\/20200421_160827-300x169.jpg 300w, https:\/\/cecilediroma.com\/wp-content\/uploads\/2020\/04\/20200421_160827-768x432.jpg 768w, https:\/\/cecilediroma.com\/wp-content\/uploads\/2020\/04\/20200421_160827-1024x576.jpg 1024w\" sizes=\"(max-width: 300px) 100vw, 300px\" \/><\/a>\n\t\t\t<\/dt>\n\t\t\t\t<dd class='wp-caption-text gallery-caption' id='gallery-2-489'>\n\t\t\t\tRhombes, chant d&rsquo;oiseaux\n\t\t\t\t<\/dd><\/dl><dl class='gallery-item'>\n\t\t\t<dt class='gallery-icon portrait'>\n\t\t\t\t<a href='https:\/\/cecilediroma.com\/wp-content\/uploads\/2020\/04\/20200421_170538-e1587484267451.jpg'><img width=\"169\" height=\"300\" src=\"https:\/\/cecilediroma.com\/wp-content\/uploads\/2020\/04\/20200421_170538-e1587484267451-169x300.jpg\" class=\"attachment-medium size-medium\" alt=\"\" loading=\"lazy\" aria-describedby=\"gallery-2-488\" srcset=\"https:\/\/cecilediroma.com\/wp-content\/uploads\/2020\/04\/20200421_170538-e1587484267451-169x300.jpg 169w, https:\/\/cecilediroma.com\/wp-content\/uploads\/2020\/04\/20200421_170538-e1587484267451-768x1365.jpg 768w, https:\/\/cecilediroma.com\/wp-content\/uploads\/2020\/04\/20200421_170538-e1587484267451-576x1024.jpg 576w, https:\/\/cecilediroma.com\/wp-content\/uploads\/2020\/04\/20200421_170538-e1587484267451.jpg 1836w\" sizes=\"(max-width: 169px) 100vw, 169px\" \/><\/a>\n\t\t\t<\/dt>\n\t\t\t\t<dd class='wp-caption-text gallery-caption' id='gallery-2-488'>\n\t\t\t\tKazoo et mobylette\n\t\t\t\t<\/dd><\/dl><dl class='gallery-item'>\n\t\t\t<dt class='gallery-icon portrait'>\n\t\t\t\t<a href='https:\/\/cecilediroma.com\/wp-content\/uploads\/2020\/04\/20190906_141830-e1587483070648.jpg'><img width=\"169\" height=\"300\" src=\"https:\/\/cecilediroma.com\/wp-content\/uploads\/2020\/04\/20190906_141830-e1587483070648-169x300.jpg\" class=\"attachment-medium size-medium\" alt=\"\" loading=\"lazy\" aria-describedby=\"gallery-2-483\" srcset=\"https:\/\/cecilediroma.com\/wp-content\/uploads\/2020\/04\/20190906_141830-e1587483070648-169x300.jpg 169w, https:\/\/cecilediroma.com\/wp-content\/uploads\/2020\/04\/20190906_141830-e1587483070648-768x1365.jpg 768w, https:\/\/cecilediroma.com\/wp-content\/uploads\/2020\/04\/20190906_141830-e1587483070648-576x1024.jpg 576w, https:\/\/cecilediroma.com\/wp-content\/uploads\/2020\/04\/20190906_141830-e1587483070648.jpg 1836w\" sizes=\"(max-width: 169px) 100vw, 169px\" \/><\/a>\n\t\t\t<\/dt>\n\t\t\t\t<dd class='wp-caption-text gallery-caption' id='gallery-2-483'>\n\t\t\t\tTambour basse en carton\n\t\t\t\t<\/dd><\/dl><br style=\"clear: both\" \/>\n\t\t<\/div>\n\n<p>&nbsp;<\/p>\n<p><b><u><span style=\"font-size: x-large;\">Les fl\u00fbtes :<\/span><\/u><\/b><\/p>\n\n\t\t<style type=\"text\/css\">\n\t\t\t#gallery-3 {\n\t\t\t\tmargin: auto;\n\t\t\t}\n\t\t\t#gallery-3 .gallery-item {\n\t\t\t\tfloat: left;\n\t\t\t\tmargin-top: 10px;\n\t\t\t\ttext-align: center;\n\t\t\t\twidth: 25%;\n\t\t\t}\n\t\t\t#gallery-3 img {\n\t\t\t\tborder: 2px solid #cfcfcf;\n\t\t\t}\n\t\t\t#gallery-3 .gallery-caption {\n\t\t\t\tmargin-left: 0;\n\t\t\t}\n\t\t\t\/* see gallery_shortcode() in wp-includes\/media.php *\/\n\t\t<\/style>\n\t\t<div id='gallery-3' class='gallery galleryid-162 gallery-columns-4 gallery-size-medium'><dl class='gallery-item'>\n\t\t\t<dt class='gallery-icon landscape'>\n\t\t\t\t<a href='https:\/\/cecilediroma.com\/wp-content\/uploads\/2020\/04\/20200421_165747.jpg'><img width=\"300\" height=\"169\" src=\"https:\/\/cecilediroma.com\/wp-content\/uploads\/2020\/04\/20200421_165747-300x169.jpg\" class=\"attachment-medium size-medium\" alt=\"\" loading=\"lazy\" aria-describedby=\"gallery-3-490\" srcset=\"https:\/\/cecilediroma.com\/wp-content\/uploads\/2020\/04\/20200421_165747-300x169.jpg 300w, https:\/\/cecilediroma.com\/wp-content\/uploads\/2020\/04\/20200421_165747-768x432.jpg 768w, https:\/\/cecilediroma.com\/wp-content\/uploads\/2020\/04\/20200421_165747-1024x576.jpg 1024w\" sizes=\"(max-width: 300px) 100vw, 300px\" \/><\/a>\n\t\t\t<\/dt>\n\t\t\t\t<dd class='wp-caption-text gallery-caption' id='gallery-3-490'>\n\t\t\t\tfl\u00fbtes traversi\u00e8re PVC et \u00e0 coulisse\n\t\t\t\t<\/dd><\/dl><dl class='gallery-item'>\n\t\t\t<dt class='gallery-icon portrait'>\n\t\t\t\t<a href='https:\/\/cecilediroma.com\/wp-content\/uploads\/2019\/04\/20190329_135436-e1554234353154.jpg'><img width=\"169\" height=\"300\" src=\"https:\/\/cecilediroma.com\/wp-content\/uploads\/2019\/04\/20190329_135436-e1554234353154-169x300.jpg\" class=\"attachment-medium size-medium\" alt=\"\" loading=\"lazy\" aria-describedby=\"gallery-3-424\" srcset=\"https:\/\/cecilediroma.com\/wp-content\/uploads\/2019\/04\/20190329_135436-e1554234353154-169x300.jpg 169w, https:\/\/cecilediroma.com\/wp-content\/uploads\/2019\/04\/20190329_135436-e1554234353154-768x1365.jpg 768w, https:\/\/cecilediroma.com\/wp-content\/uploads\/2019\/04\/20190329_135436-e1554234353154-576x1024.jpg 576w, https:\/\/cecilediroma.com\/wp-content\/uploads\/2019\/04\/20190329_135436-e1554234353154.jpg 1836w\" sizes=\"(max-width: 169px) 100vw, 169px\" \/><\/a>\n\t\t\t<\/dt>\n\t\t\t\t<dd class='wp-caption-text gallery-caption' id='gallery-3-424'>\n\t\t\t\tfl\u00fbte \u00e0 cds\n\n\t\t\t\t<\/dd><\/dl>\n\t\t\t<br style='clear: both' \/>\n\t\t<\/div>\n\n<h3><strong><span style=\"text-decoration: underline;\">Et les autres :<\/span><\/strong><\/h3>\n\n\t\t<style type=\"text\/css\">\n\t\t\t#gallery-4 {\n\t\t\t\tmargin: auto;\n\t\t\t}\n\t\t\t#gallery-4 .gallery-item {\n\t\t\t\tfloat: left;\n\t\t\t\tmargin-top: 10px;\n\t\t\t\ttext-align: center;\n\t\t\t\twidth: 25%;\n\t\t\t}\n\t\t\t#gallery-4 img {\n\t\t\t\tborder: 2px solid #cfcfcf;\n\t\t\t}\n\t\t\t#gallery-4 .gallery-caption {\n\t\t\t\tmargin-left: 0;\n\t\t\t}\n\t\t\t\/* see gallery_shortcode() in wp-includes\/media.php *\/\n\t\t<\/style>\n\t\t<div id='gallery-4' class='gallery galleryid-162 gallery-columns-4 gallery-size-medium'><dl class='gallery-item'>\n\t\t\t<dt class='gallery-icon portrait'>\n\t\t\t\t<a href='https:\/\/cecilediroma.com\/wp-content\/uploads\/2019\/03\/20190222_155141-e1551618236722.jpg'><img width=\"169\" height=\"300\" src=\"https:\/\/cecilediroma.com\/wp-content\/uploads\/2019\/03\/20190222_155141-e1551618236722-169x300.jpg\" class=\"attachment-medium size-medium\" alt=\"\" loading=\"lazy\" aria-describedby=\"gallery-4-215\" srcset=\"https:\/\/cecilediroma.com\/wp-content\/uploads\/2019\/03\/20190222_155141-e1551618236722-169x300.jpg 169w, https:\/\/cecilediroma.com\/wp-content\/uploads\/2019\/03\/20190222_155141-e1551618236722-768x1365.jpg 768w, https:\/\/cecilediroma.com\/wp-content\/uploads\/2019\/03\/20190222_155141-e1551618236722-576x1024.jpg 576w, https:\/\/cecilediroma.com\/wp-content\/uploads\/2019\/03\/20190222_155141-e1551618236722.jpg 1836w\" sizes=\"(max-width: 169px) 100vw, 169px\" \/><\/a>\n\t\t\t<\/dt>\n\t\t\t\t<dd class='wp-caption-text gallery-caption' id='gallery-4-215'>\n\t\t\t\tM\u00e9tallophone sur penderie\n\t\t\t\t<\/dd><\/dl><dl class='gallery-item'>\n\t\t\t<dt class='gallery-icon portrait'>\n\t\t\t\t<a href='https:\/\/cecilediroma.com\/wp-content\/uploads\/2020\/04\/20190906_142452-e1587483055636.jpg'><img width=\"169\" height=\"300\" src=\"https:\/\/cecilediroma.com\/wp-content\/uploads\/2020\/04\/20190906_142452-e1587483055636-169x300.jpg\" class=\"attachment-medium size-medium\" alt=\"\" loading=\"lazy\" aria-describedby=\"gallery-4-484\" srcset=\"https:\/\/cecilediroma.com\/wp-content\/uploads\/2020\/04\/20190906_142452-e1587483055636-169x300.jpg 169w, https:\/\/cecilediroma.com\/wp-content\/uploads\/2020\/04\/20190906_142452-e1587483055636-768x1365.jpg 768w, https:\/\/cecilediroma.com\/wp-content\/uploads\/2020\/04\/20190906_142452-e1587483055636-576x1024.jpg 576w, https:\/\/cecilediroma.com\/wp-content\/uploads\/2020\/04\/20190906_142452-e1587483055636.jpg 1836w\" sizes=\"(max-width: 169px) 100vw, 169px\" \/><\/a>\n\t\t\t<\/dt>\n\t\t\t\t<dd class='wp-caption-text gallery-caption' id='gallery-4-484'>\n\t\t\t\tLa cuica, instrument br\u00e9silien\n\t\t\t\t<\/dd><\/dl><dl class='gallery-item'>\n\t\t\t<dt class='gallery-icon landscape'>\n\t\t\t\t<a href='https:\/\/cecilediroma.com\/wp-content\/uploads\/2020\/04\/20190906_142519.jpg'><img width=\"300\" height=\"169\" src=\"https:\/\/cecilediroma.com\/wp-content\/uploads\/2020\/04\/20190906_142519-300x169.jpg\" class=\"attachment-medium size-medium\" alt=\"\" loading=\"lazy\" aria-describedby=\"gallery-4-485\" srcset=\"https:\/\/cecilediroma.com\/wp-content\/uploads\/2020\/04\/20190906_142519-300x169.jpg 300w, https:\/\/cecilediroma.com\/wp-content\/uploads\/2020\/04\/20190906_142519-768x432.jpg 768w, https:\/\/cecilediroma.com\/wp-content\/uploads\/2020\/04\/20190906_142519-1024x576.jpg 1024w\" sizes=\"(max-width: 300px) 100vw, 300px\" \/><\/a>\n\t\t\t<\/dt>\n\t\t\t\t<dd class='wp-caption-text gallery-caption' id='gallery-4-485'>\n\t\t\t\tConstruire ses baguettes\n\t\t\t\t<\/dd><\/dl>\n\t\t\t<br style='clear: both' \/>\n\t\t<\/div>\n\n","protected":false},"excerpt":{"rendered":"<p>Faire de la musique \u00e0 partir de mat\u00e9riaux r\u00e9cup\u00e9r\u00e9s, c&rsquo;est possible. Prenez une feuille de journal, une paire de cuill\u00e8res, [&hellip;]<\/p>\n","protected":false},"author":1,"featured_media":0,"parent":237,"menu_order":2,"comment_status":"closed","ping_status":"closed","template":"","meta":[],"_links":{"self":[{"href":"https:\/\/cecilediroma.com\/index.php\/wp-json\/wp\/v2\/pages\/162"}],"collection":[{"href":"https:\/\/cecilediroma.com\/index.php\/wp-json\/wp\/v2\/pages"}],"about":[{"href":"https:\/\/cecilediroma.com\/index.php\/wp-json\/wp\/v2\/types\/page"}],"author":[{"embeddable":true,"href":"https:\/\/cecilediroma.com\/index.php\/wp-json\/wp\/v2\/users\/1"}],"replies":[{"embeddable":true,"href":"https:\/\/cecilediroma.com\/index.php\/wp-json\/wp\/v2\/comments?post=162"}],"version-history":[{"count":24,"href":"https:\/\/cecilediroma.com\/index.php\/wp-json\/wp\/v2\/pages\/162\/revisions"}],"predecessor-version":[{"id":569,"href":"https:\/\/cecilediroma.com\/index.php\/wp-json\/wp\/v2\/pages\/162\/revisions\/569"}],"up":[{"embeddable":true,"href":"https:\/\/cecilediroma.com\/index.php\/wp-json\/wp\/v2\/pages\/237"}],"wp:attachment":[{"href":"https:\/\/cecilediroma.com\/index.php\/wp-json\/wp\/v2\/media?parent=162"}],"curies":[{"name":"wp","href":"https:\/\/api.w.org\/{rel}","templated":true}]}}